{"id":1069,"date":"2015-08-06T16:59:11","date_gmt":"2015-08-06T20:59:11","guid":{"rendered":"http:\/\/nagashur.com\/blog\/?page_id=1069"},"modified":"2016-05-11T10:21:08","modified_gmt":"2016-05-11T14:21:08","slug":"projet-milapli-developpement-dune-station-meteo-open-source","status":"publish","type":"page","link":"https:\/\/nagashur.com\/blog\/projets\/projet-milapli-developpement-dune-station-meteo-open-source\/","title":{"rendered":"Projet Milapli : d\u00e9veloppement d&#8217;une station m\u00e9t\u00e9o open source"},"content":{"rendered":"<div id=\"attachment_952\" style=\"width: 160px\" class=\"wp-caption alignright\"><a href=\"http:\/\/nagashur.com\/blog\/wp-content\/uploads\/2013\/06\/milapli_lcd.jpg\"><img aria-describedby=\"caption-attachment-952\" data-attachment-id=\"952\" data-permalink=\"https:\/\/nagashur.com\/blog\/2013\/06\/18\/creation-dune-station-meteo-maison\/milapli_lcd\/\" data-orig-file=\"https:\/\/nagashur.com\/blog\/wp-content\/uploads\/2013\/06\/milapli_lcd.jpg\" data-orig-size=\"800,508\" data-comments-opened=\"1\" data-image-meta=\"{&quot;aperture&quot;:&quot;3.4&quot;,&quot;credit&quot;:&quot;&quot;,&quot;camera&quot;:&quot;Canon PowerShot SX200 IS&quot;,&quot;caption&quot;:&quot;&quot;,&quot;created_timestamp&quot;:&quot;1406992798&quot;,&quot;copyright&quot;:&quot;&quot;,&quot;focal_length&quot;:&quot;5&quot;,&quot;iso&quot;:&quot;800&quot;,&quot;shutter_speed&quot;:&quot;0.1&quot;,&quot;title&quot;:&quot;&quot;,&quot;orientation&quot;:&quot;0&quot;}\" data-image-title=\"LCD utilis\u00e9 dans la station Milapli avec un Arduino\" data-image-description=\"&lt;p&gt;Une version de test de Milapli, une station m\u00e9t\u00e9o bas\u00e9e sur un ATmega328p (Arduino).&lt;\/p&gt;\n\" data-medium-file=\"https:\/\/nagashur.com\/blog\/wp-content\/uploads\/2013\/06\/milapli_lcd-300x191.jpg\" data-large-file=\"https:\/\/nagashur.com\/blog\/wp-content\/uploads\/2013\/06\/milapli_lcd.jpg\" loading=\"lazy\" class=\"size-thumbnail wp-image-952\" src=\"http:\/\/nagashur.com\/blog\/wp-content\/uploads\/2013\/06\/milapli_lcd-150x150.jpg\" alt=\"Une version de test de Milapli, une station m\u00e9t\u00e9o bas\u00e9e sur un\" width=\"150\" height=\"150\" \/><\/a><p id=\"caption-attachment-952\" class=\"wp-caption-text\">Une version de test de Milapli, une station m\u00e9t\u00e9o bas\u00e9e sur un ATmega328p (Arduino).<\/p><\/div>\n<h2>Concept g\u00e9n\u00e9ral du projet<\/h2>\n<p>Le projet Milapli (voici la pluie, en cr\u00e9ole) \u00e0 pour objectif la r\u00e9alisation d&#8217;une station m\u00e9t\u00e9o et\/ou de modules de mesure environnementales open source et, autant que possible, open hardware.<\/p>\n<p>Pour le projet Milapli, nous commencerons donc par reproduire les fonctionnalit\u00e9s de base d&#8217;une station m\u00e9t\u00e9o, telles que la mesure de la temp\u00e9rature, l&#8217;hygrom\u00e9trie, la pression atmosph\u00e9rique, avant de rajouter des capteurs classiques mais moins fr\u00e9quents (principalement \u00e0 cause de leur co\u00fbt plus \u00e9lev\u00e9), tels qu&#8217;un an\u00e9mom\u00e8tre, une girouette, ou encore un pluviom\u00e8tre.<\/p>\n<div id=\"attachment_1173\" style=\"width: 160px\" class=\"wp-caption alignleft\"><a href=\"http:\/\/nagashur.com\/blog\/wp-content\/uploads\/2013\/06\/dht22Arduino_4632_800px.jpg\"><img aria-describedby=\"caption-attachment-1173\" data-attachment-id=\"1173\" data-permalink=\"https:\/\/nagashur.com\/blog\/2013\/06\/18\/lire-la-valeur-dune-sonde-de-temperature-et-d%e2%80%99hygrometrie-dht11\/dht22arduino_4632_800px\/\" data-orig-file=\"https:\/\/nagashur.com\/blog\/wp-content\/uploads\/2013\/06\/dht22Arduino_4632_800px.jpg\" data-orig-size=\"800,600\" data-comments-opened=\"1\" data-image-meta=\"{&quot;aperture&quot;:&quot;3.4&quot;,&quot;credit&quot;:&quot;&quot;,&quot;camera&quot;:&quot;Canon PowerShot SX200 IS&quot;,&quot;caption&quot;:&quot;&quot;,&quot;created_timestamp&quot;:&quot;1439555457&quot;,&quot;copyright&quot;:&quot;&quot;,&quot;focal_length&quot;:&quot;5&quot;,&quot;iso&quot;:&quot;800&quot;,&quot;shutter_speed&quot;:&quot;0.125&quot;,&quot;title&quot;:&quot;&quot;,&quot;orientation&quot;:&quot;0&quot;}\" data-image-title=\"montage DHT22 sur arduino avec LCD\" data-image-description=\"\" data-medium-file=\"https:\/\/nagashur.com\/blog\/wp-content\/uploads\/2013\/06\/dht22Arduino_4632_800px-300x225.jpg\" data-large-file=\"https:\/\/nagashur.com\/blog\/wp-content\/uploads\/2013\/06\/dht22Arduino_4632_800px.jpg\" loading=\"lazy\" class=\"size-thumbnail wp-image-1173\" src=\"http:\/\/nagashur.com\/blog\/wp-content\/uploads\/2013\/06\/dht22Arduino_4632_800px-150x150.jpg\" alt=\"montage DHT22 sur arduino avec LCD\" width=\"150\" height=\"150\" \/><\/a><p id=\"caption-attachment-1173\" class=\"wp-caption-text\">montage DHT22 sur arduino avec LCD<\/p><\/div>\n<p>Une fois ces bases pos\u00e9es, nous int\u00e9grerons \u00e0 Milapli des capteurs moins courant, tels qu&#8217;un capteur d&#8217;UV, de luminosit\u00e9 ambiante, de particules fines dans l&#8217;air, ou encore un capteur de radiations.<\/p>\n<p>Dans l&#8217;ensemble, l&#8217;objectif du projet est de permettre la r\u00e9alisation d&#8217;une telle station de fa\u00e7on modulaire, en int\u00e9grant les capteurs souhait\u00e9s. D&#8217;autre part, si dans un premier temps Milapli s&#8217;appuiera sur un simple Arduino (et il est possible de se limiter \u00e0 cette version), des capacit\u00e9s r\u00e9seau seront ajout\u00e9es par le biais d&#8217;un Raspberry pi, qui permettra aussi de stocker les donn\u00e9es et les rendre accessible via un navigateur web, avec des statistiques.<\/p>\n<p>Sur le long terme, ce syst\u00e8me permettra de mettre en r\u00e9seau plusieurs stations de mesure afin de r\u00e9aliser des analyses environnementales \u00e0 plus grande \u00e9chelle, en recoupant des donn\u00e9es, \u00e9tablissant des statistiques localis\u00e9es, etc&#8230;<\/p>\n<p>Nous utiliserons diverses techniques, telle que l&#8217;impression 3D ou la d\u00e9coupe laser pour r\u00e9aliser les \u00e9l\u00e9ments requis. A ce projet pourra \u00e9galement s&#8217;int\u00e9grer le projet <a href=\"http:\/\/nagashur.com\/blog\/projets\/sauronpi-camera-autonome-raspberry-pi\/\">SauronPi<\/a>, un projet de cam\u00e9ra bas\u00e9 sur le <a href=\"http:\/\/nagashur.com\/blog\/raspberry-pi\/\">RaspberryPi<\/a>, pr\u00e9vu pour un usage ext\u00e9rieur, et qui permettra de prendre des photos du ciel, et \u00e9ventuellement d&#8217;analyser ces photos pour en extraire des informations.<\/p>\n<h2>Ressources<\/h2>\n<p>Voici quelques liens relatifs au projet\u00a0 :<\/p>\n<ul>\n<li><a href=\"http:\/\/nagashur.com\/blog\/2013\/06\/18\/creation-dune-station-meteo-maison\/\">Pr\u00e9sentation du projet Milapli;<\/a><\/li>\n<li><a href=\"http:\/\/nagashur.com\/blog\/2013\/07\/13\/interfacer-un-ecran-lcd-texte-avec-un-atmega-ou-un-arduino\/\">Mesure de la luminosit\u00e9 avec un Arduino;<\/a><\/li>\n<li><a href=\"http:\/\/nagashur.com\/blog\/2013\/06\/18\/lecture-dune-sonde-de-temperature-tmp36-sur-un-arduino\/\">Mesurer la temp\u00e9rature avec une sonde analogique TMP36 sur un Arduino;<\/a><\/li>\n<li><a href=\"http:\/\/nagashur.com\/blog\/2013\/06\/18\/lire-la-valeur-dune-sonde-de-temperature-et-d%e2%80%99hygrometrie-dht11\/\">Mesurer la temp\u00e9rature et l&#8217;humidit\u00e9 avec une sonde num\u00e9rique DHT11 ou DHT22;<\/a><\/li>\n<\/ul>\n","protected":false},"excerpt":{"rendered":"<p>Concept g\u00e9n\u00e9ral du projet Le projet Milapli (voici la pluie, en cr\u00e9ole) \u00e0 pour objectif la r\u00e9alisation d&#8217;une station m\u00e9t\u00e9o et\/ou de modules de mesure environnementales open source et, autant que possible, open hardware. Pour le projet Milapli, nous commencerons donc par reproduire les fonctionnalit\u00e9s de base d&#8217;une station m\u00e9t\u00e9o, telles que la mesure de [&hellip;]<\/p>\n","protected":false},"author":2,"featured_media":0,"parent":1067,"menu_order":0,"comment_status":"open","ping_status":"open","template":"","meta":{"spay_email":""},"yoast_head":"<!-- This site is optimized with the Yoast SEO plugin v15.0 - https:\/\/yoast.com\/wordpress\/plugins\/seo\/ -->\n<title>Milapli : station m\u00e9t\u00e9o open source<\/title>\n<meta name=\"description\" content=\"D\u00e9veloppement d&#039;une station m\u00e9t\u00e9o open source : projet Milapli. On s&#039;appuie sur du open hardware et des logiciels libres pour r\u00e9aliser ce projet.\" \/>\n<meta name=\"robots\" content=\"index, follow, max-snippet:-1, max-image-preview:large, max-video-preview:-1\" \/>\n<link rel=\"canonical\" href=\"http:\/\/nagashur.com\/blog\/projets\/projet-milapli-developpement-dune-station-meteo-open-source\/\" \/>\n<meta property=\"og:locale\" content=\"fr_FR\" \/>\n<meta property=\"og:type\" content=\"article\" \/>\n<meta property=\"og:title\" content=\"Milapli : station m\u00e9t\u00e9o open source\" \/>\n<meta property=\"og:description\" content=\"D\u00e9veloppement d&#039;une station m\u00e9t\u00e9o open source : projet Milapli. On s&#039;appuie sur du open hardware et des logiciels libres pour r\u00e9aliser ce projet.\" \/>\n<meta property=\"og:url\" content=\"http:\/\/nagashur.com\/blog\/projets\/projet-milapli-developpement-dune-station-meteo-open-source\/\" \/>\n<meta property=\"og:site_name\" content=\"Nagashur\" \/>\n<meta property=\"article:modified_time\" content=\"2016-05-11T14:21:08+00:00\" \/>\n<meta property=\"og:image\" content=\"http:\/\/nagashur.com\/blog\/wp-content\/uploads\/2013\/06\/milapli_lcd-150x150.jpg\" \/>\n<meta name=\"twitter:card\" content=\"summary\" \/>\n<meta name=\"twitter:creator\" content=\"@audreyrobinel\" \/>\n<meta name=\"twitter:site\" content=\"@audreyrobinel\" \/>\n<script type=\"application\/ld+json\" class=\"yoast-schema-graph\">{\"@context\":\"https:\/\/schema.org\",\"@graph\":[{\"@type\":\"WebSite\",\"@id\":\"https:\/\/nagashur.com\/blog\/#website\",\"url\":\"https:\/\/nagashur.com\/blog\/\",\"name\":\"Nagashur\",\"description\":\"raspi et arduino FTW :)\",\"potentialAction\":[{\"@type\":\"SearchAction\",\"target\":\"https:\/\/nagashur.com\/blog\/?s={search_term_string}\",\"query-input\":\"required name=search_term_string\"}],\"inLanguage\":\"fr-FR\"},{\"@type\":\"ImageObject\",\"@id\":\"http:\/\/nagashur.com\/blog\/projets\/projet-milapli-developpement-dune-station-meteo-open-source\/#primaryimage\",\"inLanguage\":\"fr-FR\",\"url\":\"http:\/\/nagashur.com\/blog\/wp-content\/uploads\/2013\/06\/milapli_lcd-150x150.jpg\"},{\"@type\":\"WebPage\",\"@id\":\"http:\/\/nagashur.com\/blog\/projets\/projet-milapli-developpement-dune-station-meteo-open-source\/#webpage\",\"url\":\"http:\/\/nagashur.com\/blog\/projets\/projet-milapli-developpement-dune-station-meteo-open-source\/\",\"name\":\"Milapli : station m\\u00e9t\\u00e9o open source\",\"isPartOf\":{\"@id\":\"https:\/\/nagashur.com\/blog\/#website\"},\"primaryImageOfPage\":{\"@id\":\"http:\/\/nagashur.com\/blog\/projets\/projet-milapli-developpement-dune-station-meteo-open-source\/#primaryimage\"},\"datePublished\":\"2015-08-06T20:59:11+00:00\",\"dateModified\":\"2016-05-11T14:21:08+00:00\",\"description\":\"D\\u00e9veloppement d'une station m\\u00e9t\\u00e9o open source : projet Milapli. On s'appuie sur du open hardware et des logiciels libres pour r\\u00e9aliser ce projet.\",\"inLanguage\":\"fr-FR\",\"potentialAction\":[{\"@type\":\"ReadAction\",\"target\":[\"http:\/\/nagashur.com\/blog\/projets\/projet-milapli-developpement-dune-station-meteo-open-source\/\"]}]}]}<\/script>\n<!-- \/ Yoast SEO plugin. -->","jetpack_sharing_enabled":true,"jetpack_shortlink":"https:\/\/wp.me\/P6yqc2-hf","jetpack-related-posts":[{"id":1067,"url":"https:\/\/nagashur.com\/blog\/projets\/","url_meta":{"origin":1069,"position":0},"title":"Projets","date":"6 ao\u00fbt 2015","format":false,"excerpt":"Cette page sert \u00e0 recenser tous les projets document\u00e9s sur ce site (ou \u00e9ventuellement d'autres sites ou j'ai d\u00e9crit\u00a0mes projets). Je mettrai donc une liste succincte, pour parcourir ceux ci rapidement. Liste rapide des projets Projet Milapli\u00a0(station m\u00e9t\u00e9o open source et open hardware)\u00a0; Projet Domochevsky : installation domotique et maison\u2026","rel":"","context":"Avec 92 commentaires","img":{"alt_text":"","src":"","width":0,"height":0},"classes":[]},{"id":312,"url":"https:\/\/nagashur.com\/blog\/projets\/projet-meteo\/","url_meta":{"origin":1069,"position":1},"title":"Projet M\u00e9t\u00e9o","date":"9 juin 2012","format":false,"excerpt":"Bonjour! je vais regrouper ici toutes les informations relatives \u00e0 mon projet M\u00e9t\u00e9o. Cette page est un peu brouillonne, mais elle est amen\u00e9e \u00e0 changer rapidement. Je recenserai ici les articles que j'ai publi\u00e9s sur le sujet, et quelques autres liens. Articles publi\u00e9s\/\u00e0 venir Voici les divers articles publi\u00e9s\/pr\u00e9vus :\u2026","rel":"","context":"Dans &quot;Non class\u00e9&quot;","img":{"alt_text":"","src":"","width":0,"height":0},"classes":[]},{"id":1057,"url":"https:\/\/nagashur.com\/blog\/arduino\/","url_meta":{"origin":1069,"position":2},"title":"Arduino","date":"6 ao\u00fbt 2015","format":false,"excerpt":"Qu'est ce que Arduino? Arduino d\u00e9signe un \u00e9cosyst\u00e8me libre comprenant des cartes (Arduino Uno, Arduino Leonardo, Arduino Mega, Arduino Nano...), des logiciels (notamment l'IDE Arduino), ou encore des librairies. Ces syst\u00e8mes d'\u00e9lectronique programmable permettent de construire des projets facilement, et d'aborder tant l'approche \u00e9lectronique de l'approche logicielle. Dans cette section,\u2026","rel":"","context":"Avec 75 commentaires","img":{"alt_text":"Atmega328p en composant de Surface sur un clone chinois d'Arduino nano (V3)","src":"https:\/\/i0.wp.com\/nagashur.com\/blog\/wp-content\/uploads\/2015\/08\/Atmega328pSurface_ArduinoNano_ChineseClone800px_4581.jpg?resize=350%2C200&ssl=1","width":350,"height":200},"classes":[]},{"id":1755,"url":"https:\/\/nagashur.com\/blog\/robotique\/r-hasika-un-robot-raspberry-pi-precis-extensible-et-autonome\/","url_meta":{"origin":1069,"position":3},"title":"R.Hasika: un robot RaspberryPi pr\u00e9cis, extensible, autonome","date":"1 mai 2016","format":false,"excerpt":"R.Hasika est un robot actuellement en cours de d\u00e9veloppement, et ce depuis 2015. Contrairement \u00e0 son petit fr\u00e8re, R.Ian, ce robot a \u00e9t\u00e9 pens\u00e9 d\u00e8s le d\u00e9part pour embarquer un Raspberry pi, et s'appuie donc sur cette plate-forme pour son \u00e9lectronique de contr\u00f4le. Il existe de nombreux points de convergence\u2026","rel":"","context":"Avec 44 commentaires","img":{"alt_text":"R.Hasika de profil, avec les c\u00e2bles rang\u00e9s","src":"https:\/\/i2.wp.com\/nagashur.com\/blog\/wp-content\/uploads\/2016\/04\/compacted_cables_5715b_800px.jpg?resize=350%2C200&ssl=1","width":350,"height":200},"classes":[]},{"id":547,"url":"https:\/\/nagashur.com\/blog\/raspberry-pi\/","url_meta":{"origin":1069,"position":4},"title":"Raspberry Pi","date":"1 janvier 2013","format":false,"excerpt":"Pr\u00e9sentation du Raspberry pi Supprimer la diapo Image de la diapo G\u00e9n\u00e9ralSEORecadrageRaspberry pi mod\u00e8les B, B+ et B2 Nouvelle fen\u00eatre Titre de l\u2019image Texte alternatif de l\u2019image Position du recadrage En haut \u00e0 droite En haut centr\u00e9 En haut \u00e0 droite Centr\u00e9 \u00e0 gauche Centr\u00e9 au centre Centr\u00e9 \u00e0 droite\u2026","rel":"","context":"Dans &quot;Non class\u00e9&quot;","img":{"alt_text":"Raspberry pi mod\u00c3\u00a8le A+","src":"https:\/\/i2.wp.com\/nagashur.com\/blog\/wp-content\/uploads\/2015\/08\/rpiAplus800_4522.jpg?w=606&h=288&crop&resize=350%2C200","width":350,"height":200},"classes":[]},{"id":532,"url":"https:\/\/nagashur.com\/blog\/robotique\/","url_meta":{"origin":1069,"position":5},"title":"Robotique","date":"1 janvier 2013","format":false,"excerpt":"Cette page sert d'accueil \u00e0 la section Robotique , Automatismes et Domotique de mon blog, et j'y placerai articles, liens et informations diverses. Des ressources sont \u00e9galement disponibles dans la section robotique du wiki. Chaque projet de robotique aura sa page d\u00e9di\u00e9e, menant par la suite \u00e0 divers articles. Voici\u2026","rel":"","context":"Dans &quot;Non class\u00e9&quot;","img":{"alt_text":"R.Hasika en version d\u00e9coupe laser vu de face","src":"https:\/\/i0.wp.com\/nagashur.com\/blog\/wp-content\/uploads\/2015\/04\/R.Hasika.jpg?resize=350%2C200&ssl=1","width":350,"height":200},"classes":[]}],"_links":{"self":[{"href":"https:\/\/nagashur.com\/blog\/wp-json\/wp\/v2\/pages\/1069"}],"collection":[{"href":"https:\/\/nagashur.com\/blog\/wp-json\/wp\/v2\/pages"}],"about":[{"href":"https:\/\/nagashur.com\/blog\/wp-json\/wp\/v2\/types\/page"}],"author":[{"embeddable":true,"href":"https:\/\/nagashur.com\/blog\/wp-json\/wp\/v2\/users\/2"}],"replies":[{"embeddable":true,"href":"https:\/\/nagashur.com\/blog\/wp-json\/wp\/v2\/comments?post=1069"}],"version-history":[{"count":0,"href":"https:\/\/nagashur.com\/blog\/wp-json\/wp\/v2\/pages\/1069\/revisions"}],"up":[{"embeddable":true,"href":"https:\/\/nagashur.com\/blog\/wp-json\/wp\/v2\/pages\/1067"}],"wp:attachment":[{"href":"https:\/\/nagashur.com\/blog\/wp-json\/wp\/v2\/media?parent=1069"}],"curies":[{"name":"wp","href":"https:\/\/api.w.org\/{rel}","templated":true}]}}