{"id":2028,"date":"2017-12-27T12:45:52","date_gmt":"2017-12-27T16:45:52","guid":{"rendered":"http:\/\/nagashur.com\/blog\/?page_id=2028"},"modified":"2017-12-27T13:28:50","modified_gmt":"2017-12-27T17:28:50","slug":"fishroom","status":"publish","type":"page","link":"http:\/\/nagashur.com\/blog\/fishroom\/","title":{"rendered":"fishroom"},"content":{"rendered":"<p>Je suis, entre autres, aquariophile. J&#8217;ai donc des aquariums, en nombre croissant. J&#8217;ai d\u00e9cid\u00e9 de convertir une partie de mon bureau\/atelier en fishroom pour pouvoir correctement organiser et g\u00e9rer tous ces aquariums.<\/p>\n<p>Sur cette page, je vous propose de d\u00e9couvrir ma fishroom, ainsi que les ressources sur sa construction et son fonctionnement.<\/p>\n<h1>Une fishroom connect\u00e9e, automatis\u00e9e et intelligente<\/h1>\n<p>Mon objectif avec cette fishroom est d&#8217;automatiser au maximum la maintenance et la gestion de mes aquariums. Pour cela, j&#8217;utilise des objets connect\u00e9s intelligents d\u00e9velopp\u00e9s sp\u00e9cialement pour cet usage au sein de ma boite : <a href=\"http:\/\/www.emnet.cc\">emnet.cc.<\/a><\/p>\n<p>Cette page est une pr\u00e9sentation de cette fishroom, et sera mise \u00e0 jour avec l&#8217;avancement du projet.<\/p>\n<h1>Ou \u00e7a en est?<\/h1>\n<p>A l&#8217;heure actuelle, j&#8217;en suis aux fondations. Le tout commence donc par la construction d&#8217;une gallerie solide et adapt\u00e9e, capable de supporter tous les aquariums pr\u00e9vus. En effet, \u00e0 l&#8217;heure actuelle, j&#8217;utilise un meuble \u00e0 roulettes, que j&#8217;ai fait, mais qui commence \u00e0 \u00eatre d\u00e9pass\u00e9 en capacit\u00e9 :<\/p>\n<div id=\"attachment_2029\" style=\"width: 620px\" class=\"wp-caption aligncenter\"><a href=\"http:\/\/nagashur.com\/blog\/wp-content\/uploads\/2017\/12\/fishroom_20171227_111536.jpg\"><img aria-describedby=\"caption-attachment-2029\" data-attachment-id=\"2029\" data-permalink=\"http:\/\/nagashur.com\/blog\/fishroom\/fishroom_20171227_111536\/\" data-orig-file=\"http:\/\/nagashur.com\/blog\/wp-content\/uploads\/2017\/12\/fishroom_20171227_111536.jpg\" data-orig-size=\"1440,1080\" data-comments-opened=\"1\" data-image-meta=\"{&quot;aperture&quot;:&quot;2&quot;,&quot;credit&quot;:&quot;&quot;,&quot;camera&quot;:&quot;&quot;,&quot;caption&quot;:&quot;&quot;,&quot;created_timestamp&quot;:&quot;1039348800&quot;,&quot;copyright&quot;:&quot;&quot;,&quot;focal_length&quot;:&quot;3.79&quot;,&quot;iso&quot;:&quot;293&quot;,&quot;shutter_speed&quot;:&quot;0.03030303030303&quot;,&quot;title&quot;:&quot;&quot;,&quot;orientation&quot;:&quot;0&quot;}\" data-image-title=\"Stand temporaire \u00e0 aquariums\" data-image-description=\"&lt;p&gt;Stand temporaire \u00e0 aquariums. le meuble est sur roulettes et donc d\u00e9pla\u00e7able.&lt;\/p&gt;\n\" data-medium-file=\"http:\/\/nagashur.com\/blog\/wp-content\/uploads\/2017\/12\/fishroom_20171227_111536-300x225.jpg\" data-large-file=\"http:\/\/nagashur.com\/blog\/wp-content\/uploads\/2017\/12\/fishroom_20171227_111536-1024x768.jpg\" loading=\"lazy\" class=\"wp-image-2029 size-large\" src=\"http:\/\/nagashur.com\/blog\/wp-content\/uploads\/2017\/12\/fishroom_20171227_111536-1024x768.jpg\" alt=\"Stand temporaire \u00e0 aquariums. le meuble est sur roulettes et donc d\u00e9pla\u00e7able dans la fishroom.\" width=\"610\" height=\"458\" srcset=\"http:\/\/nagashur.com\/blog\/wp-content\/uploads\/2017\/12\/fishroom_20171227_111536-1024x768.jpg 1024w, http:\/\/nagashur.com\/blog\/wp-content\/uploads\/2017\/12\/fishroom_20171227_111536-300x225.jpg 300w, http:\/\/nagashur.com\/blog\/wp-content\/uploads\/2017\/12\/fishroom_20171227_111536-768x576.jpg 768w, http:\/\/nagashur.com\/blog\/wp-content\/uploads\/2017\/12\/fishroom_20171227_111536.jpg 1440w\" sizes=\"(max-width: 610px) 100vw, 610px\" \/><\/a><p id=\"caption-attachment-2029\" class=\"wp-caption-text\">Stand temporaire \u00e0 aquariums. le meuble est sur roulettes et donc d\u00e9pla\u00e7able.<\/p><\/div>\n<p>La prochaine \u00e9tape sera donc la construction de la galerie qui portera les aquariums.<\/p>\n<h2>Plomberie<\/h2>\n<p>Certains travaux ont d\u00e9j\u00e0 \u00e9t\u00e9 r\u00e9alis\u00e9s, comme l&#8217;<a href=\"http:\/\/nagashur.com\/blog\/2017\/12\/27\/ajout-dune-arrivee-deau-dans-la-fishroom\/\">ajout d&#8217;une arriv\u00e9e d&#8217;eau<\/a> courante dans la fishroom. Il s&#8217;agit de tubes PVC pression, et il me reste encore \u00e0 ajouter une vraie \u00e9vacuation d&#8217;eau.<\/p>\n<h1>Travaux en cours<\/h1>\n<p>L&#8217;\u00e9tape actuelle est la construction d&#8217;une galerie pour les aquariums. J&#8217;ai d\u00e9cid\u00e9 de la construire en bois tropical, avec du Muriacataria (ou tiger wood). C&#8217;est un bois ayant de superbes motifs, mais \u00e9galement tr\u00e8s r\u00e9sistant \u00e0 l&#8217;eau, insensible aux champignons, moisissures et aux termites. Cela en fait donc un tr\u00e8s bon candidat pour une fishroom!<\/p>\n<p>Il y a beaucoup de travail \u00e0 faire sur ce bois, car les poutres sont brutes, non rabot\u00e9es, non d\u00e9gauchies, et bien entendu pas encore coup\u00e9es aux bonnes dimensions.<\/p>\n<p>&nbsp;<\/p>\n","protected":false},"excerpt":{"rendered":"<p>Je suis, entre autres, aquariophile. J&#8217;ai donc des aquariums, en nombre croissant. J&#8217;ai d\u00e9cid\u00e9 de convertir une partie de mon bureau\/atelier en fishroom pour pouvoir correctement organiser et g\u00e9rer tous ces aquariums. Sur cette page, je vous propose de d\u00e9couvrir ma fishroom, ainsi que les ressources sur sa construction et son fonctionnement. Une fishroom connect\u00e9e, [&hellip;]<\/p>\n","protected":false},"author":2,"featured_media":0,"parent":0,"menu_order":0,"comment_status":"closed","ping_status":"closed","template":"","meta":{"spay_email":""},"yoast_head":"<!-- This site is optimized with the Yoast SEO plugin v15.0 - https:\/\/yoast.com\/wordpress\/plugins\/seo\/ -->\n<title>fishroom - Nagashur<\/title>\n<meta name=\"description\" content=\"construction d&#039;une fishroom connect\u00e9e et intelligente, avec de nombreux syst\u00e8mes de mesures des param\u00e8tres et d&#039;automatisation des t\u00e2ches de maintenance.\" \/>\n<meta name=\"robots\" content=\"index, follow, max-snippet:-1, max-image-preview:large, max-video-preview:-1\" \/>\n<link rel=\"canonical\" href=\"http:\/\/nagashur.com\/blog\/fishroom\/\" \/>\n<meta property=\"og:locale\" content=\"fr_FR\" \/>\n<meta property=\"og:type\" content=\"article\" \/>\n<meta property=\"og:title\" content=\"fishroom - Nagashur\" \/>\n<meta property=\"og:description\" content=\"construction d&#039;une fishroom connect\u00e9e et intelligente, avec de nombreux syst\u00e8mes de mesures des param\u00e8tres et d&#039;automatisation des t\u00e2ches de maintenance.\" \/>\n<meta property=\"og:url\" content=\"http:\/\/nagashur.com\/blog\/fishroom\/\" \/>\n<meta property=\"og:site_name\" content=\"Nagashur\" \/>\n<meta property=\"article:modified_time\" content=\"2017-12-27T17:28:50+00:00\" \/>\n<meta property=\"og:image\" content=\"http:\/\/nagashur.com\/blog\/wp-content\/uploads\/2017\/12\/fishroom_20171227_111536-1024x768.jpg\" \/>\n<meta name=\"twitter:card\" content=\"summary\" \/>\n<meta name=\"twitter:creator\" content=\"@audreyrobinel\" \/>\n<meta name=\"twitter:site\" content=\"@audreyrobinel\" \/>\n<script type=\"application\/ld+json\" class=\"yoast-schema-graph\">{\"@context\":\"https:\/\/schema.org\",\"@graph\":[{\"@type\":\"WebSite\",\"@id\":\"http:\/\/nagashur.com\/blog\/#website\",\"url\":\"http:\/\/nagashur.com\/blog\/\",\"name\":\"Nagashur\",\"description\":\"raspi et arduino FTW :)\",\"potentialAction\":[{\"@type\":\"SearchAction\",\"target\":\"http:\/\/nagashur.com\/blog\/?s={search_term_string}\",\"query-input\":\"required name=search_term_string\"}],\"inLanguage\":\"fr-FR\"},{\"@type\":\"ImageObject\",\"@id\":\"http:\/\/nagashur.com\/blog\/fishroom\/#primaryimage\",\"inLanguage\":\"fr-FR\",\"url\":\"http:\/\/nagashur.com\/blog\/wp-content\/uploads\/2017\/12\/fishroom_20171227_111536.jpg\",\"width\":1440,\"height\":1080,\"caption\":\"Stand temporaire \\u00e0 aquariums. le meuble est sur roulettes et donc d\\u00e9pla\\u00e7able.\"},{\"@type\":\"WebPage\",\"@id\":\"http:\/\/nagashur.com\/blog\/fishroom\/#webpage\",\"url\":\"http:\/\/nagashur.com\/blog\/fishroom\/\",\"name\":\"fishroom - Nagashur\",\"isPartOf\":{\"@id\":\"http:\/\/nagashur.com\/blog\/#website\"},\"primaryImageOfPage\":{\"@id\":\"http:\/\/nagashur.com\/blog\/fishroom\/#primaryimage\"},\"datePublished\":\"2017-12-27T16:45:52+00:00\",\"dateModified\":\"2017-12-27T17:28:50+00:00\",\"description\":\"construction d'une fishroom connect\\u00e9e et intelligente, avec de nombreux syst\\u00e8mes de mesures des param\\u00e8tres et d'automatisation des t\\u00e2ches de maintenance.\",\"inLanguage\":\"fr-FR\",\"potentialAction\":[{\"@type\":\"ReadAction\",\"target\":[\"http:\/\/nagashur.com\/blog\/fishroom\/\"]}]}]}<\/script>\n<!-- \/ Yoast SEO plugin. -->","jetpack_sharing_enabled":true,"jetpack_shortlink":"https:\/\/wp.me\/P6yqc2-wI","jetpack-related-posts":[{"id":1067,"url":"http:\/\/nagashur.com\/blog\/projets\/","url_meta":{"origin":2028,"position":0},"title":"Projets","date":"6 ao\u00fbt 2015","format":false,"excerpt":"Cette page sert \u00e0 recenser tous les projets document\u00e9s sur ce site (ou \u00e9ventuellement d'autres sites ou j'ai d\u00e9crit\u00a0mes projets). Je mettrai donc une liste succincte, pour parcourir ceux ci rapidement. Liste rapide des projets Projet Milapli\u00a0(station m\u00e9t\u00e9o open source et open hardware)\u00a0; Projet Domochevsky : installation domotique et maison\u2026","rel":"","context":"Avec 92 commentaires","img":{"alt_text":"","src":"","width":0,"height":0},"classes":[]},{"id":1057,"url":"http:\/\/nagashur.com\/blog\/arduino\/","url_meta":{"origin":2028,"position":1},"title":"Arduino","date":"6 ao\u00fbt 2015","format":false,"excerpt":"Qu'est ce que Arduino? Arduino d\u00e9signe un \u00e9cosyst\u00e8me libre comprenant des cartes (Arduino Uno, Arduino Leonardo, Arduino Mega, Arduino Nano...), des logiciels (notamment l'IDE Arduino), ou encore des librairies. Ces syst\u00e8mes d'\u00e9lectronique programmable permettent de construire des projets facilement, et d'aborder tant l'approche \u00e9lectronique de l'approche logicielle. Dans cette section,\u2026","rel":"","context":"Avec 75 commentaires","img":{"alt_text":"Atmega328p en composant de Surface sur un clone chinois d'Arduino nano (V3)","src":"https:\/\/i0.wp.com\/nagashur.com\/blog\/wp-content\/uploads\/2015\/08\/Atmega328pSurface_ArduinoNano_ChineseClone800px_4581.jpg?resize=350%2C200","width":350,"height":200},"classes":[]},{"id":532,"url":"http:\/\/nagashur.com\/blog\/robotique\/","url_meta":{"origin":2028,"position":2},"title":"Robotique","date":"1 janvier 2013","format":false,"excerpt":"Cette page sert d'accueil \u00e0 la section Robotique , Automatismes et Domotique de mon blog, et j'y placerai articles, liens et informations diverses. Des ressources sont \u00e9galement disponibles dans la section robotique du wiki. Chaque projet de robotique aura sa page d\u00e9di\u00e9e, menant par la suite \u00e0 divers articles. Voici\u2026","rel":"","context":"Dans &quot;Non class\u00e9&quot;","img":{"alt_text":"R.Hasika en version d\u00e9coupe laser vu de face","src":"https:\/\/i0.wp.com\/nagashur.com\/blog\/wp-content\/uploads\/2015\/04\/R.Hasika.jpg?resize=350%2C200","width":350,"height":200},"classes":[]},{"id":2,"url":"http:\/\/nagashur.com\/blog\/a-propos\/","url_meta":{"origin":2028,"position":3},"title":"\u00c0 propos","date":"4 septembre 2008","format":false,"excerpt":"Qui suis-je? Je suis Audrey Robinel, jeune docteur en informatique, option sciences cognitives. Mon domaine, c'est l'intelligence artificielle appliqu\u00e9e, et les interactions homme-machine. Il y a longtemps que je tiens des sites web, et j'utilise maintenant wordpress pour cela, mais je tiens \u00e9galement un wiki : http:\/\/www.nagashur.com\/wiki bas\u00e9 sur la\u2026","rel":"","context":"Dans &quot;Non class\u00e9&quot;","img":{"alt_text":"","src":"","width":0,"height":0},"classes":[]},{"id":1755,"url":"http:\/\/nagashur.com\/blog\/robotique\/r-hasika-un-robot-raspberry-pi-precis-extensible-et-autonome\/","url_meta":{"origin":2028,"position":4},"title":"R.Hasika: un robot RaspberryPi pr\u00e9cis, extensible, autonome","date":"1 mai 2016","format":false,"excerpt":"R.Hasika est un robot actuellement en cours de d\u00e9veloppement, et ce depuis 2015. Contrairement \u00e0 son petit fr\u00e8re, R.Ian, ce robot a \u00e9t\u00e9 pens\u00e9 d\u00e8s le d\u00e9part pour embarquer un Raspberry pi, et s'appuie donc sur cette plate-forme pour son \u00e9lectronique de contr\u00f4le. Il existe de nombreux points de convergence\u2026","rel":"","context":"Avec 44 commentaires","img":{"alt_text":"R.Hasika de profil, avec les c\u00e2bles rang\u00e9s","src":"https:\/\/i2.wp.com\/nagashur.com\/blog\/wp-content\/uploads\/2016\/04\/compacted_cables_5715b_800px.jpg?resize=350%2C200","width":350,"height":200},"classes":[]},{"id":547,"url":"http:\/\/nagashur.com\/blog\/raspberry-pi\/","url_meta":{"origin":2028,"position":5},"title":"Raspberry Pi","date":"1 janvier 2013","format":false,"excerpt":"Pr\u00e9sentation du Raspberry pi Supprimer la diapo Image de la diapo G\u00e9n\u00e9ralSEORecadrageRaspberry pi mod\u00e8les B, B+ et B2 Nouvelle fen\u00eatre Titre de l\u2019image Texte alternatif de l\u2019image Position du recadrage En haut \u00e0 droite En haut centr\u00e9 En haut \u00e0 droite Centr\u00e9 \u00e0 gauche Centr\u00e9 au centre Centr\u00e9 \u00e0 droite\u2026","rel":"","context":"Dans &quot;Non class\u00e9&quot;","img":{"alt_text":"Raspberry pi mod\u00c3\u00a8le A+","src":"https:\/\/i2.wp.com\/nagashur.com\/blog\/wp-content\/uploads\/2015\/08\/rpiAplus800_4522.jpg?w=606&h=288&crop&resize=350%2C200","width":350,"height":200},"classes":[]}],"_links":{"self":[{"href":"http:\/\/nagashur.com\/blog\/wp-json\/wp\/v2\/pages\/2028"}],"collection":[{"href":"http:\/\/nagashur.com\/blog\/wp-json\/wp\/v2\/pages"}],"about":[{"href":"http:\/\/nagashur.com\/blog\/wp-json\/wp\/v2\/types\/page"}],"author":[{"embeddable":true,"href":"http:\/\/nagashur.com\/blog\/wp-json\/wp\/v2\/users\/2"}],"replies":[{"embeddable":true,"href":"http:\/\/nagashur.com\/blog\/wp-json\/wp\/v2\/comments?post=2028"}],"version-history":[{"count":0,"href":"http:\/\/nagashur.com\/blog\/wp-json\/wp\/v2\/pages\/2028\/revisions"}],"wp:attachment":[{"href":"http:\/\/nagashur.com\/blog\/wp-json\/wp\/v2\/media?parent=2028"}],"curies":[{"name":"wp","href":"https:\/\/api.w.org\/{rel}","templated":true}]}}